{"id":286,"date":"2016-10-31T13:17:59","date_gmt":"2016-10-31T16:17:59","guid":{"rendered":"https:\/\/ifdcef-lrj.infd.edu.ar\/sitio\/?page_id=286"},"modified":"2020-03-30T21:15:57","modified_gmt":"2020-03-31T00:15:57","slug":"inicio","status":"publish","type":"page","link":"https:\/\/ifdcef-lrj.infd.edu.ar\/sitio\/","title":{"rendered":"Inicio"},"content":{"rendered":"<div id=\"metaslider-id-403\" style=\"width: 100%;\" class=\"ml-slider-3-33-0 metaslider metaslider-flex metaslider-403 ml-slider ms-theme-default\" role=\"region\" aria-roledescription=\"Slideshow\" aria-label=\"Slideshow\">\n    <div id=\"metaslider_container_403\">\n        <div id=\"metaslider_403\" class=\"flexslider\">\n            <ul aria-live=\"polite\" class=\"slides\">\n                <li style=\"display: block; width: 100%;\" class=\"slide-607 ms-image\" aria-roledescription=\"slide\" aria-label=\"slide-607\"><a href=\"https:\/\/mapa.infd.edu.ar\/\" target=\"_blank\"><img src=\"https:\/\/ifdcef-lrj.infd.edu.ar\/sitio\/wp-content\/uploads\/2018\/06\/mapa_infd6-1100x200.png\" height=\"200\" width=\"1100\" alt=\"\" class=\"slider-403 slide-607\" title=\"mapa_infd6\" \/><\/a><\/li>\n                <li style=\"display: none; width: 100%;\" class=\"slide-609 ms-image\" aria-roledescription=\"slide\" aria-label=\"slide-609\"><a href=\"https:\/\/www.argentina.gob.ar\/educacion\/becas\" target=\"_blank\"><img src=\"https:\/\/ifdcef-lrj.infd.edu.ar\/sitio\/wp-content\/uploads\/2018\/06\/becas7-1100x200.png\" height=\"200\" width=\"1100\" alt=\"\" class=\"slider-403 slide-609\" title=\"becas7\" \/><\/a><\/li>\n                <li style=\"display: none; width: 100%;\" class=\"slide-635 ms-image\" aria-roledescription=\"slide\" aria-label=\"slide-635\"><a href=\"https:\/\/www.argentina.gob.ar\/tema\/estudiar\/formacion-docencia\" target=\"_blank\"><img src=\"https:\/\/ifdcef-lrj.infd.edu.ar\/sitio\/wp-content\/uploads\/2018\/06\/convocatorias_slide6-1-1100x200.png\" height=\"200\" width=\"1100\" alt=\"\" class=\"slider-403 slide-635\" title=\"convocatorias_slide6-1\" \/><\/a><\/li>\n            <\/ul>\n        <\/div>\n        \n    <\/div>\n<\/div>\n<table id=\"table1\" style=\"width: 100%;\" border=\"1\" cellspacing=\"0\" cellpadding=\"10\" align=\"center\">\n<tbody>\n<tr>\n<td><\/td>\n<td style=\"border: 1px solid;\">\n<h1 style=\"text-align: center;\"><span style=\"color: #339966;\"><em><span style=\"font-size: 14pt; font-family: arial, helvetica, sans-serif;\">I.S.F.D en Educaci\u00f3n F\u00edsica \u00abProf. Ricardo N. Vi\u00f1as\u00bb<\/span><\/em><\/span><\/h1>\n<p style=\"text-align: center;\"><span style=\"color: #339966;\"><em><span style=\"font-size: 14pt; font-family: Arial;\">La Rioja<\/span><\/em><\/span><\/p>\n<p style=\"text-align: center;\"><em><span style=\"font-size: 14pt; color: #3e748e; font-family: Arial;\"><img decoding=\"async\" loading=\"lazy\" class=\"alignnone size-full wp-image-815\" src=\"https:\/\/ifdcef-lrj.infd.edu.ar\/sitio\/wp-content\/uploads\/2020\/03\/foto-instituto.jpg\" alt=\"\" width=\"436\" height=\"202\" \/><\/span><\/em><\/p>\n<p><span style=\"color: #008000;\"><span style=\"font-size: 10pt; font-family: Verdana;\">El<\/span><span style=\"font-size: 10pt; font-family: Verdana;\"> <strong>Instituto Superior de Formaci\u00f3n Docente<\/strong> constituye la \u00fanica oferta de Formaci\u00f3n Inicial en el campo de conocimiento de la Educaci\u00f3n F\u00edsica en la Provincia de La Rioja; formando parte del sistema de educaci\u00f3n p\u00fablica de gesti\u00f3n estatal.<\/span><\/span><\/p>\n<p><span style=\"color: #008000;\">\u00a0<span style=\"font-size: 10pt; font-family: Verdana;\">Asisten j\u00f3venes de toda la provincia y de provincias vecinas, principalmente de San Juan y Catamarca; siendo en la actualidad su matr\u00edcula de 400 estudiantes.\u00a0<\/span><\/span><\/p>\n<p><span style=\"color: #008000;\"><span style=\"font-size: 10pt; font-family: Verdana;\">Navegando en este sitio encontrar\u00e1\u00a0informaci\u00f3n sobre la naturaleza de nuestro Instituto, actividades, organigrama, servicio o recursos y novedades; adem\u00e1s de experiencias,\u00a0<\/span><span style=\"font-size: 10pt; font-family: Verdana;\">apoyo y asesoramiento a\u00a0estudiantes, docentes e interesados en formar parte de esta comunidad educativa.<\/span><\/span><\/p>\n<p><span style=\"font-size: 14pt; color: black; font-family: Verdana;\"><img decoding=\"async\" src=\"https:\/\/ifdcef-lrj.infd.edu.ar\/sitio\/wp-content\/uploads\/2018\/08\/la_red.jpg\" alt=\"Red virtual\" align=\"left\" border=\"0\" hspace=\"10\" \/><\/span><span style=\"font-size: 10pt; color: black; font-family: Verdana;\">Junto con varios cientos de Institutos, integramos la <strong><em><span style=\"font-family: Verdana;\">Red\u00a0Virtual de Institutos Superiores de Formaci\u00f3n Docente<\/span><\/em><\/strong>\u00a0coordinada por el <strong><span style=\"font-family: Verdana;\">INFD<\/span><\/strong> (Instituto Nacional de Formaci\u00f3n Docente) dependiente del Ministerio de Educaci\u00f3n de la Naci\u00f3n Argentina.<\/span><\/td>\n<\/tr>\n<\/tbody>\n<\/table>\n","protected":false},"excerpt":{"rendered":"<p>I.S.F.D en Educaci\u00f3n F\u00edsica \u00abProf. Ricardo N. Vi\u00f1as\u00bb La Rioja El Instituto Superior de Formaci\u00f3n Docente constituye la \u00fanica oferta de Formaci\u00f3n Inicial en el campo de conocimiento de la Educaci\u00f3n F\u00edsica en la Provincia de La Rioja; formando parte del sistema de educaci\u00f3n p\u00fablica de gesti\u00f3n estatal. \u00a0Asisten j\u00f3venes de toda la provincia y &#8230; <a title=\"Inicio\" class=\"read-more\" href=\"https:\/\/ifdcef-lrj.infd.edu.ar\/sitio\/\" aria-label=\"More on Inicio\">[+]<\/a><\/p>\n","protected":false},"author":7,"featured_media":0,"parent":0,"menu_order":0,"comment_status":"closed","ping_status":"closed","template":"","meta":[],"acf":[],"_links":{"self":[{"href":"https:\/\/ifdcef-lrj.infd.edu.ar\/sitio\/wp-json\/wp\/v2\/pages\/286"}],"collection":[{"href":"https:\/\/ifdcef-lrj.infd.edu.ar\/sitio\/wp-json\/wp\/v2\/pages"}],"about":[{"href":"https:\/\/ifdcef-lrj.infd.edu.ar\/sitio\/wp-json\/wp\/v2\/types\/page"}],"author":[{"embeddable":true,"href":"https:\/\/ifdcef-lrj.infd.edu.ar\/sitio\/wp-json\/wp\/v2\/users\/7"}],"replies":[{"embeddable":true,"href":"https:\/\/ifdcef-lrj.infd.edu.ar\/sitio\/wp-json\/wp\/v2\/comments?post=286"}],"version-history":[{"count":79,"href":"https:\/\/ifdcef-lrj.infd.edu.ar\/sitio\/wp-json\/wp\/v2\/pages\/286\/revisions"}],"predecessor-version":[{"id":817,"href":"https:\/\/ifdcef-lrj.infd.edu.ar\/sitio\/wp-json\/wp\/v2\/pages\/286\/revisions\/817"}],"wp:attachment":[{"href":"https:\/\/ifdcef-lrj.infd.edu.ar\/sitio\/wp-json\/wp\/v2\/media?parent=286"}],"curies":[{"name":"wp","href":"https:\/\/api.w.org\/{rel}","templated":true}]}}